{"id":34917,"date":"2023-08-30T15:59:58","date_gmt":"2023-08-30T15:59:58","guid":{"rendered":"https:\/\/print.belvedere.at\/p\/gustav-klimt-der-kuss-liebespaar\/"},"modified":"2025-07-10T13:16:21","modified_gmt":"2025-07-10T13:16:21","slug":"gustav-klimt-der-kuss-liebespaar","status":"publish","type":"product","link":"https:\/\/print.belvedere.at\/de\/p\/gustav-klimt-der-kuss-liebespaar\/","title":{"rendered":"Gustav Klimt &#8211; Der Kuss (Liebespaar)"},"content":{"rendered":"<p><b>\u00dcber das Original<\/b><\/p>\n<p>K\u00fcnstler: Gustav Klimt<br \/>\nTitel: Der Kuss (Liebespaar)<br \/>\nJahr: 1908 (vollendet 1909)<br \/>\nOriginalformat: 180 \u00d7 180 cm<br \/>\nOriginalmaterial: \u00d6l und Blattgold auf Leinwand<br \/>\nBeschreibung: Figuraler Bereich: Blattgold, Goldfarbe (in einem Bindemittel dispergiertes Goldpulver), Silber, Platin, Blei, \u00d6lfarben, auf mit Zinkwei\u00df grundierter Leinwand. &#8211; Hintergrund: Schlagmetall (Messing), mit Lasuren \u00fcbermalt<\/p>\n","protected":false},"excerpt":{"rendered":"<p>\u00dcber das Original K\u00fcnstler: Gustav Klimt Titel: Der Kuss (Liebespaar) Jahr: 1908 (vollendet 1909) Originalformat: 180 \u00d7 180 cm Originalmaterial: \u00d6l und Blattgold auf Leinwand Beschreibung: Figuraler Bereich: Blattgold, Goldfarbe (in einem Bindemittel dispergiertes Goldpulver), Silber, Platin, Blei, \u00d6lfarben, auf mit Zinkwei\u00df grundierter Leinwand. &#8211; Hintergrund: Schlagmetall (Messing), mit Lasuren \u00fcbermalt<\/p>\n","protected":false},"featured_media":47004,"template":"","meta":{"powered_cache_disable_cache":false,"powered_cache_disable_lazyload":false},"product_brand":[],"product_cat":[585],"product_tag":[81],"class_list":{"0":"post-34917","1":"product","2":"type-product","3":"status-publish","4":"has-post-thumbnail","6":"product_cat-gustav-klimt-de","7":"product_tag-gold","8":"pa_framed-frame-black-de","9":"pa_framed-frame-blanc-de","10":"pa_framed-frame-colonial-de","11":"pa_framed-frame-gold-de","12":"pa_framed-frame-white-de","13":"pa_framed-none-de","14":"pa_product-canvas-giclee-de","15":"pa_product-dibond-giclee-de","16":"pa_product-watercolor-paper-giclee-de","17":"pa_size-100x100-cm-de","18":"pa_size-20x20-cm-de","19":"pa_size-25x25-cm-de","20":"pa_size-30x30-cm-de","21":"pa_size-30x40-cm-de","22":"pa_size-35x35-cm-de","23":"pa_size-40x40-cm-de","24":"pa_size-40x60-cm-de","25":"pa_size-45x45-cm-de","26":"pa_size-50x50-cm-de","27":"pa_size-55x55-cm-de","28":"pa_size-60x60-cm-de","29":"pa_size-60x80-cm-de","30":"pa_size-65x65-cm-de","31":"pa_size-70x70-cm-de","32":"pa_size-75x75-cm-de","33":"pa_size-80x80-cm-de","34":"pa_size-85x85-cm-de","35":"pa_size-90x90-cm-de","36":"pa_size-95x95-cm-de","38":"first","39":"instock","40":"taxable","41":"shipping-taxable","42":"purchasable","43":"product-type-variable"},"_links":{"self":[{"href":"https:\/\/print.belvedere.at\/de\/wp-json\/wp\/v2\/product\/34917","targetHints":{"allow":["GET"]}}],"collection":[{"href":"https:\/\/print.belvedere.at\/de\/wp-json\/wp\/v2\/product"}],"about":[{"href":"https:\/\/print.belvedere.at\/de\/wp-json\/wp\/v2\/types\/product"}],"wp:featuredmedia":[{"embeddable":true,"href":"https:\/\/print.belvedere.at\/de\/wp-json\/wp\/v2\/media\/47004"}],"wp:attachment":[{"href":"https:\/\/print.belvedere.at\/de\/wp-json\/wp\/v2\/media?parent=34917"}],"wp:term":[{"taxonomy":"product_brand","embeddable":true,"href":"https:\/\/print.belvedere.at\/de\/wp-json\/wp\/v2\/product_brand?post=34917"},{"taxonomy":"product_cat","embeddable":true,"href":"https:\/\/print.belvedere.at\/de\/wp-json\/wp\/v2\/product_cat?post=34917"},{"taxonomy":"product_tag","embeddable":true,"href":"https:\/\/print.belvedere.at\/de\/wp-json\/wp\/v2\/product_tag?post=34917"}],"curies":[{"name":"wp","href":"https:\/\/api.w.org\/{rel}","templated":true}]}}