{"id":35950,"date":"2023-07-11T14:05:42","date_gmt":"2023-07-11T14:05:42","guid":{"rendered":"https:\/\/print.belvedere.at\/p\/hans-makart-der-sieg-des-lichtes-ueber-die-finsternis\/"},"modified":"2025-07-10T13:17:52","modified_gmt":"2025-07-10T13:17:52","slug":"hans-makart-sieg-des-lichtes-ueber-die-finsternis","status":"publish","type":"product","link":"https:\/\/print.belvedere.at\/de\/p\/hans-makart-sieg-des-lichtes-ueber-die-finsternis\/","title":{"rendered":"Hans Makart &#8211; Sieg des Lichtes \u00fcber die Finsternis"},"content":{"rendered":"<p><b>\u00dcber das Original<\/b><\/p>\n<p>K\u00fcnstler: Hans Makart<br \/>\nTitel: Sieg des Lichtes \u00fcber die Finsternis<br \/>\nJahr: 1883&#8211;1884<br \/>\nOriginalformat: 170 x 184 cm<br \/>\nOriginalmaterial: \u00d6l auf Leinwand<\/p>\n","protected":false},"excerpt":{"rendered":"<p>\u00dcber das Original K\u00fcnstler: Hans Makart Titel: Sieg des Lichtes \u00fcber die Finsternis Jahr: 1883&#8211;1884 Originalformat: 170 x 184 cm Originalmaterial: \u00d6l auf Leinwand<\/p>\n","protected":false},"featured_media":41794,"template":"","meta":{"powered_cache_disable_cache":false,"powered_cache_disable_lazyload":false},"product_brand":[],"product_cat":[586],"product_tag":[40,41,42],"class_list":{"0":"post-35950","1":"product","2":"type-product","3":"status-publish","4":"has-post-thumbnail","6":"product_cat-hans-makart-de","7":"product_tag-aquarelpapier-giclee","8":"product_tag-canvas-giclee","9":"product_tag-dibond-giclee","10":"pa_framed-frame-black-de","11":"pa_framed-frame-blanc-de","12":"pa_framed-frame-colonial-de","13":"pa_framed-frame-gold-de","14":"pa_framed-frame-white-de","15":"pa_framed-none-de","16":"pa_product-canvas-giclee-de","17":"pa_product-dibond-giclee-de","18":"pa_product-watercolor-paper-giclee-de","19":"pa_size-30x40-cm-de","20":"pa_size-40x60-cm-de","21":"pa_size-50x55-cm-de","22":"pa_size-55x60-cm-de","23":"pa_size-60x65-cm-de","24":"pa_size-60x80-cm-de","25":"pa_size-65x70-cm-de","26":"pa_size-70x75-cm-de","27":"pa_size-75x80-cm-de","28":"pa_size-80x85-cm-de","29":"pa_size-85x90-cm-de","30":"pa_size-90x95-cm-de","31":"pa_size-95x100-cm-de","33":"first","34":"instock","35":"taxable","36":"shipping-taxable","37":"purchasable","38":"product-type-variable"},"_links":{"self":[{"href":"https:\/\/print.belvedere.at\/de\/wp-json\/wp\/v2\/product\/35950","targetHints":{"allow":["GET"]}}],"collection":[{"href":"https:\/\/print.belvedere.at\/de\/wp-json\/wp\/v2\/product"}],"about":[{"href":"https:\/\/print.belvedere.at\/de\/wp-json\/wp\/v2\/types\/product"}],"wp:featuredmedia":[{"embeddable":true,"href":"https:\/\/print.belvedere.at\/de\/wp-json\/wp\/v2\/media\/41794"}],"wp:attachment":[{"href":"https:\/\/print.belvedere.at\/de\/wp-json\/wp\/v2\/media?parent=35950"}],"wp:term":[{"taxonomy":"product_brand","embeddable":true,"href":"https:\/\/print.belvedere.at\/de\/wp-json\/wp\/v2\/product_brand?post=35950"},{"taxonomy":"product_cat","embeddable":true,"href":"https:\/\/print.belvedere.at\/de\/wp-json\/wp\/v2\/product_cat?post=35950"},{"taxonomy":"product_tag","embeddable":true,"href":"https:\/\/print.belvedere.at\/de\/wp-json\/wp\/v2\/product_tag?post=35950"}],"curies":[{"name":"wp","href":"https:\/\/api.w.org\/{rel}","templated":true}]}}