{"id":36046,"date":"2023-07-11T14:40:56","date_gmt":"2023-07-11T14:40:56","guid":{"rendered":"https:\/\/print.belvedere.at\/p\/claude-monet-eine-allee-in-monets-garten-in-giverny\/"},"modified":"2025-07-10T13:18:03","modified_gmt":"2025-07-10T13:18:03","slug":"claude-monet-eine-allee-in-monets-garten-in-giverny","status":"publish","type":"product","link":"https:\/\/print.belvedere.at\/de\/p\/claude-monet-eine-allee-in-monets-garten-in-giverny\/","title":{"rendered":"Claude Monet &#8211; Eine Allee in Monets Garten in Giverny"},"content":{"rendered":"<p><b>\u00dcber das Original<\/b><\/p>\n<p>K\u00fcnstler: Claude Monet<br \/>\nTitel: Eine Allee in Monets Garten in Giverny<br \/>\nJahr: 1902<br \/>\nOriginalformat: 89,5 \u00d7 92,3 cm<br \/>\nOriginalmaterial: \u00d6l auf Leinwand<\/p>\n","protected":false},"excerpt":{"rendered":"<p>\u00dcber das Original K\u00fcnstler: Claude Monet Titel: Eine Allee in Monets Garten in Giverny Jahr: 1902 Originalformat: 89,5 \u00d7 92,3 cm Originalmaterial: \u00d6l auf Leinwand<\/p>\n","protected":false},"featured_media":42108,"template":"","meta":{"powered_cache_disable_cache":false,"powered_cache_disable_lazyload":false},"product_brand":[],"product_cat":[582],"product_tag":[40,41,42],"class_list":{"0":"post-36046","1":"product","2":"type-product","3":"status-publish","4":"has-post-thumbnail","6":"product_cat-claude-monet-de","7":"product_tag-aquarelpapier-giclee","8":"product_tag-canvas-giclee","9":"product_tag-dibond-giclee","10":"pa_framed-frame-black-de","11":"pa_framed-frame-blanc-de","12":"pa_framed-frame-colonial-de","13":"pa_framed-frame-gold-de","14":"pa_framed-frame-white-de","15":"pa_framed-none-de","16":"pa_product-canvas-giclee-de","17":"pa_product-dibond-giclee-de","18":"pa_product-watercolor-paper-giclee-de","19":"pa_size-100x100-cm-de","20":"pa_size-20x20-cm-de","21":"pa_size-25x25-cm-de","22":"pa_size-30x30-cm-de","23":"pa_size-30x40-cm-de","24":"pa_size-35x35-cm-de","25":"pa_size-40x40-cm-de","26":"pa_size-40x60-cm-de","27":"pa_size-45x45-cm-de","28":"pa_size-50x50-cm-de","29":"pa_size-55x55-cm-de","30":"pa_size-60x60-cm-de","31":"pa_size-60x80-cm-de","32":"pa_size-65x65-cm-de","33":"pa_size-70x70-cm-de","34":"pa_size-75x75-cm-de","35":"pa_size-80x80-cm-de","36":"pa_size-85x85-cm-de","37":"pa_size-90x90-cm-de","38":"pa_size-95x95-cm-de","40":"first","41":"instock","42":"taxable","43":"shipping-taxable","44":"purchasable","45":"product-type-variable"},"_links":{"self":[{"href":"https:\/\/print.belvedere.at\/de\/wp-json\/wp\/v2\/product\/36046","targetHints":{"allow":["GET"]}}],"collection":[{"href":"https:\/\/print.belvedere.at\/de\/wp-json\/wp\/v2\/product"}],"about":[{"href":"https:\/\/print.belvedere.at\/de\/wp-json\/wp\/v2\/types\/product"}],"wp:featuredmedia":[{"embeddable":true,"href":"https:\/\/print.belvedere.at\/de\/wp-json\/wp\/v2\/media\/42108"}],"wp:attachment":[{"href":"https:\/\/print.belvedere.at\/de\/wp-json\/wp\/v2\/media?parent=36046"}],"wp:term":[{"taxonomy":"product_brand","embeddable":true,"href":"https:\/\/print.belvedere.at\/de\/wp-json\/wp\/v2\/product_brand?post=36046"},{"taxonomy":"product_cat","embeddable":true,"href":"https:\/\/print.belvedere.at\/de\/wp-json\/wp\/v2\/product_cat?post=36046"},{"taxonomy":"product_tag","embeddable":true,"href":"https:\/\/print.belvedere.at\/de\/wp-json\/wp\/v2\/product_tag?post=36046"}],"curies":[{"name":"wp","href":"https:\/\/api.w.org\/{rel}","templated":true}]}}