{"id":36854,"date":"2023-07-11T14:10:10","date_gmt":"2023-07-11T14:10:10","guid":{"rendered":"https:\/\/print.belvedere.at\/p\/egon-schiele-die-umarmung\/"},"modified":"2025-07-10T13:19:04","modified_gmt":"2025-07-10T13:19:04","slug":"egon-schiele-die-umarmung","status":"publish","type":"product","link":"https:\/\/print.belvedere.at\/de\/p\/egon-schiele-die-umarmung\/","title":{"rendered":"Egon Schiele &#8211; Die Umarmung"},"content":{"rendered":"<p><b>\u00dcber das Original<\/b><\/p>\n<p>K\u00fcnstler: Egon Schiele<br \/>\nTitel: Die Umarmung<br \/>\nJahr: 1917<br \/>\nOriginalformat: 100 \u00d7 170 cm<br \/>\nOriginalmaterial: \u00d6l auf Leinwand<\/p>\n","protected":false},"excerpt":{"rendered":"<p>\u00dcber das Original K\u00fcnstler: Egon Schiele Titel: Die Umarmung Jahr: 1917 Originalformat: 100 \u00d7 170 cm Originalmaterial: \u00d6l auf Leinwand<\/p>\n","protected":false},"featured_media":43602,"template":"","meta":{"powered_cache_disable_cache":false,"powered_cache_disable_lazyload":false},"product_brand":[],"product_cat":[583],"product_tag":[40,41,42,199,197],"class_list":{"0":"post-36854","1":"product","2":"type-product","3":"status-publish","4":"has-post-thumbnail","6":"product_cat-egon-schiele-de","7":"product_tag-aquarelpapier-giclee","8":"product_tag-canvas-giclee","9":"product_tag-dibond-giclee","10":"product_tag-park","11":"product_tag-sex","12":"pa_framed-frame-black-de","13":"pa_framed-frame-blanc-de","14":"pa_framed-frame-colonial-de","15":"pa_framed-frame-gold-de","16":"pa_framed-frame-white-de","17":"pa_framed-none-de","18":"pa_product-canvas-giclee-de","19":"pa_product-dibond-giclee-de","20":"pa_product-watercolor-paper-giclee-de","21":"pa_size-20x35-cm-de","22":"pa_size-30x40-cm-de","23":"pa_size-35x60-cm-de","24":"pa_size-40x60-cm-de","25":"pa_size-40x70-cm-de","26":"pa_size-50x85-cm-de","27":"pa_size-55x95-cm-de","28":"pa_size-60x80-cm-de","30":"first","31":"instock","32":"taxable","33":"shipping-taxable","34":"purchasable","35":"product-type-variable"},"_links":{"self":[{"href":"https:\/\/print.belvedere.at\/de\/wp-json\/wp\/v2\/product\/36854","targetHints":{"allow":["GET"]}}],"collection":[{"href":"https:\/\/print.belvedere.at\/de\/wp-json\/wp\/v2\/product"}],"about":[{"href":"https:\/\/print.belvedere.at\/de\/wp-json\/wp\/v2\/types\/product"}],"wp:featuredmedia":[{"embeddable":true,"href":"https:\/\/print.belvedere.at\/de\/wp-json\/wp\/v2\/media\/43602"}],"wp:attachment":[{"href":"https:\/\/print.belvedere.at\/de\/wp-json\/wp\/v2\/media?parent=36854"}],"wp:term":[{"taxonomy":"product_brand","embeddable":true,"href":"https:\/\/print.belvedere.at\/de\/wp-json\/wp\/v2\/product_brand?post=36854"},{"taxonomy":"product_cat","embeddable":true,"href":"https:\/\/print.belvedere.at\/de\/wp-json\/wp\/v2\/product_cat?post=36854"},{"taxonomy":"product_tag","embeddable":true,"href":"https:\/\/print.belvedere.at\/de\/wp-json\/wp\/v2\/product_tag?post=36854"}],"curies":[{"name":"wp","href":"https:\/\/api.w.org\/{rel}","templated":true}]}}