{"id":37082,"date":"2023-07-11T14:10:10","date_gmt":"2023-07-11T14:10:10","guid":{"rendered":"https:\/\/print.belvedere.at\/p\/gustav-klimt-freundinnen-wasserschlangen-i\/"},"modified":"2025-07-10T13:19:26","modified_gmt":"2025-07-10T13:19:26","slug":"gustav-klimt-freundinnen-wasserschlangen-i","status":"publish","type":"product","link":"https:\/\/print.belvedere.at\/de\/p\/gustav-klimt-freundinnen-wasserschlangen-i\/","title":{"rendered":"Gustav Klimt &#8211; Freundinnen (Wasserschlangen I)"},"content":{"rendered":"<p><b>\u00dcber das Original<\/b><\/p>\n<p>K\u00fcnstler: Gustav Klimt<br \/>\nTitel: Freundinnen (Wasserschlangen I)<br \/>\nJahr: 1904 (geringf\u00fcgige Erg\u00e4nzungen 1907)<br \/>\nOriginalformat: 50 \u00d7 20 cm<br \/>\nOriginalmaterial: Aquarell, Gouache, Bleistift, Gold und Silber auf Pergament<\/p>\n","protected":false},"excerpt":{"rendered":"<p>\u00dcber das Original K\u00fcnstler: Gustav Klimt Titel: Freundinnen (Wasserschlangen I) Jahr: 1904 (geringf\u00fcgige Erg\u00e4nzungen 1907) Originalformat: 50 \u00d7 20 cm Originalmaterial: Aquarell, Gouache, Bleistift, Gold und Silber auf Pergament<\/p>\n","protected":false},"featured_media":44096,"template":"","meta":{"powered_cache_disable_cache":false,"powered_cache_disable_lazyload":false},"product_brand":[],"product_cat":[585],"product_tag":[40,41,42],"class_list":{"0":"post-37082","1":"product","2":"type-product","3":"status-publish","4":"has-post-thumbnail","6":"product_cat-gustav-klimt-de","7":"product_tag-aquarelpapier-giclee","8":"product_tag-canvas-giclee","9":"product_tag-dibond-giclee","10":"pa_framed-frame-black-de","11":"pa_framed-frame-blanc-de","12":"pa_framed-frame-colonial-de","13":"pa_framed-frame-gold-de","14":"pa_framed-frame-white-de","15":"pa_framed-none-de","16":"pa_product-canvas-giclee-de","17":"pa_product-dibond-giclee-de","18":"pa_product-watercolor-paper-giclee-de","19":"pa_size-25x60-cm-de","20":"pa_size-30x40-cm-de","21":"pa_size-30x70-cm-de","22":"pa_size-40x60-cm-de","23":"pa_size-40x95-cm-de","24":"pa_size-60x80-cm-de","26":"first","27":"instock","28":"taxable","29":"shipping-taxable","30":"purchasable","31":"product-type-variable"},"_links":{"self":[{"href":"https:\/\/print.belvedere.at\/de\/wp-json\/wp\/v2\/product\/37082","targetHints":{"allow":["GET"]}}],"collection":[{"href":"https:\/\/print.belvedere.at\/de\/wp-json\/wp\/v2\/product"}],"about":[{"href":"https:\/\/print.belvedere.at\/de\/wp-json\/wp\/v2\/types\/product"}],"wp:featuredmedia":[{"embeddable":true,"href":"https:\/\/print.belvedere.at\/de\/wp-json\/wp\/v2\/media\/44096"}],"wp:attachment":[{"href":"https:\/\/print.belvedere.at\/de\/wp-json\/wp\/v2\/media?parent=37082"}],"wp:term":[{"taxonomy":"product_brand","embeddable":true,"href":"https:\/\/print.belvedere.at\/de\/wp-json\/wp\/v2\/product_brand?post=37082"},{"taxonomy":"product_cat","embeddable":true,"href":"https:\/\/print.belvedere.at\/de\/wp-json\/wp\/v2\/product_cat?post=37082"},{"taxonomy":"product_tag","embeddable":true,"href":"https:\/\/print.belvedere.at\/de\/wp-json\/wp\/v2\/product_tag?post=37082"}],"curies":[{"name":"wp","href":"https:\/\/api.w.org\/{rel}","templated":true}]}}