{"id":37506,"date":"2023-07-11T14:11:51","date_gmt":"2023-07-11T14:11:51","guid":{"rendered":"https:\/\/print.belvedere.at\/p\/gustav-klimt-beethovenfries-die-kuenste-paradieschor-und-umarmung-tafel-8-rechte-langwand\/"},"modified":"2025-07-10T13:20:13","modified_gmt":"2025-07-10T13:20:13","slug":"gustav-klimt-beethovenfries-die-kuenste-paradieschor-und-umarmung-tafel-8-rechte-langwand","status":"publish","type":"product","link":"https:\/\/print.belvedere.at\/de\/p\/gustav-klimt-beethovenfries-die-kuenste-paradieschor-und-umarmung-tafel-8-rechte-langwand\/","title":{"rendered":"Gustav Klimt &#8211; Beethovenfries: Die K\u00fcnste, Paradieschor und Umarmung &#8211; Tafel 8, rechte Langwand"},"content":{"rendered":"<p><b>\u00dcber das Original<\/b><\/p>\n<p>K\u00fcnstler: Gustav Klimt<br \/>\nTitel: Beethovenfries: Die K\u00fcnste, Paradieschor und Umarmung &#8211; Tafel 8, rechte Langwand<br \/>\nJahr: 1901<br \/>\nOriginalformat: 215 x 481 cm<br \/>\nOriginalmaterial: Kaseinfarben, Stuckauflagen, Zeichenstift, Applikationen aus verschiedenen Materialien<br \/>\n(Glas, Perlmutt etc.), Goldauflagen auf M\u00f6rtel<\/p>\n","protected":false},"excerpt":{"rendered":"<p>\u00dcber das Original K\u00fcnstler: Gustav Klimt Titel: Beethovenfries: Die K\u00fcnste, Paradieschor und Umarmung &#8211; Tafel 8, rechte Langwand Jahr: 1901 Originalformat: 215 x 481 cm Originalmaterial: Kaseinfarben, Stuckauflagen, Zeichenstift, Applikationen aus verschiedenen Materialien (Glas, Perlmutt etc.), Goldauflagen auf M\u00f6rtel<\/p>\n","protected":false},"featured_media":45026,"template":"","meta":{"powered_cache_disable_cache":false,"powered_cache_disable_lazyload":false},"product_brand":[],"product_cat":[585],"product_tag":[40,41,42,81],"class_list":{"0":"post-37506","1":"product","2":"type-product","3":"status-publish","4":"has-post-thumbnail","6":"product_cat-gustav-klimt-de","7":"product_tag-aquarelpapier-giclee","8":"product_tag-canvas-giclee","9":"product_tag-dibond-giclee","10":"product_tag-gold","11":"pa_framed-frame-black-de","12":"pa_framed-frame-blanc-de","13":"pa_framed-frame-colonial-de","14":"pa_framed-frame-gold-de","15":"pa_framed-frame-white-de","16":"pa_framed-none-de","17":"pa_product-canvas-giclee-de","18":"pa_product-dibond-giclee-de","19":"pa_product-watercolor-paper-giclee-de","20":"pa_size-20x45-cm-de","21":"pa_size-25x55-cm-de","22":"pa_size-30x40-cm-de","23":"pa_size-35x80-cm-de","24":"pa_size-40x60-cm-de","25":"pa_size-40x90-cm-de","26":"pa_size-45x100-cm-de","27":"pa_size-60x80-cm-de","29":"first","30":"instock","31":"taxable","32":"shipping-taxable","33":"purchasable","34":"product-type-variable"},"_links":{"self":[{"href":"https:\/\/print.belvedere.at\/de\/wp-json\/wp\/v2\/product\/37506","targetHints":{"allow":["GET"]}}],"collection":[{"href":"https:\/\/print.belvedere.at\/de\/wp-json\/wp\/v2\/product"}],"about":[{"href":"https:\/\/print.belvedere.at\/de\/wp-json\/wp\/v2\/types\/product"}],"wp:featuredmedia":[{"embeddable":true,"href":"https:\/\/print.belvedere.at\/de\/wp-json\/wp\/v2\/media\/45026"}],"wp:attachment":[{"href":"https:\/\/print.belvedere.at\/de\/wp-json\/wp\/v2\/media?parent=37506"}],"wp:term":[{"taxonomy":"product_brand","embeddable":true,"href":"https:\/\/print.belvedere.at\/de\/wp-json\/wp\/v2\/product_brand?post=37506"},{"taxonomy":"product_cat","embeddable":true,"href":"https:\/\/print.belvedere.at\/de\/wp-json\/wp\/v2\/product_cat?post=37506"},{"taxonomy":"product_tag","embeddable":true,"href":"https:\/\/print.belvedere.at\/de\/wp-json\/wp\/v2\/product_tag?post=37506"}],"curies":[{"name":"wp","href":"https:\/\/api.w.org\/{rel}","templated":true}]}}