{"id":64962,"date":"2024-11-14T13:01:51","date_gmt":"2024-11-14T13:01:51","guid":{"rendered":"https:\/\/print.belvedere.at\/p\/olga-wisinger-florian-bluehender-mohn\/"},"modified":"2025-07-10T13:20:55","modified_gmt":"2025-07-10T13:20:55","slug":"olga-wisinger-florian-bluehender-mohn","status":"publish","type":"product","link":"https:\/\/print.belvedere.at\/de\/p\/olga-wisinger-florian-bluehender-mohn\/","title":{"rendered":"Olga Wisinger-Florian &#8211; Bl\u00fchender Mohn"},"content":{"rendered":"<p><b>\u00dcber das Original<\/b><\/p>\n<p>K\u00fcnstler: Olga Wisinger-Florian<br \/>\nTitel: Bl\u00fchender Mohn<br \/>\nJahr: um 1895\/1900<br \/>\nOriginalformat: 70 \u00d7 98 cm<br \/>\nOriginalmaterial: \u00d6l auf Pappe<\/p>\n","protected":false},"excerpt":{"rendered":"<p>\u00dcber das Original K\u00fcnstler: Olga Wisinger-Florian Titel: Bl\u00fchender Mohn Jahr: um 1895\/1900 Originalformat: 70 \u00d7 98 cm Originalmaterial: \u00d6l auf Pappe<\/p>\n","protected":false},"featured_media":56950,"template":"","meta":{"powered_cache_disable_cache":false,"powered_cache_disable_lazyload":false},"product_brand":[],"product_cat":[686],"product_tag":[40,41,42],"class_list":{"0":"post-64962","1":"product","2":"type-product","3":"status-publish","4":"has-post-thumbnail","6":"product_cat-olga-wisinger-florian-de","7":"product_tag-aquarelpapier-giclee","8":"product_tag-canvas-giclee","9":"product_tag-dibond-giclee","10":"pa_framed-frame-black-de","11":"pa_framed-frame-blanc-de","12":"pa_framed-frame-colonial-de","13":"pa_framed-frame-gold-de","14":"pa_framed-frame-white-de","15":"pa_framed-none-de","16":"pa_product-canvas-giclee-de","17":"pa_product-dibond-giclee-de","18":"pa_product-watercolor-paper-giclee-de","19":"pa_size-25x35-cm-de","20":"pa_size-30x40-cm-de","21":"pa_size-40x60-cm-de","22":"pa_size-50x70-cm-de","23":"pa_size-60x80-cm-de","25":"first","26":"instock","27":"taxable","28":"shipping-taxable","29":"purchasable","30":"product-type-variable"},"_links":{"self":[{"href":"https:\/\/print.belvedere.at\/de\/wp-json\/wp\/v2\/product\/64962","targetHints":{"allow":["GET"]}}],"collection":[{"href":"https:\/\/print.belvedere.at\/de\/wp-json\/wp\/v2\/product"}],"about":[{"href":"https:\/\/print.belvedere.at\/de\/wp-json\/wp\/v2\/types\/product"}],"wp:featuredmedia":[{"embeddable":true,"href":"https:\/\/print.belvedere.at\/de\/wp-json\/wp\/v2\/media\/56950"}],"wp:attachment":[{"href":"https:\/\/print.belvedere.at\/de\/wp-json\/wp\/v2\/media?parent=64962"}],"wp:term":[{"taxonomy":"product_brand","embeddable":true,"href":"https:\/\/print.belvedere.at\/de\/wp-json\/wp\/v2\/product_brand?post=64962"},{"taxonomy":"product_cat","embeddable":true,"href":"https:\/\/print.belvedere.at\/de\/wp-json\/wp\/v2\/product_cat?post=64962"},{"taxonomy":"product_tag","embeddable":true,"href":"https:\/\/print.belvedere.at\/de\/wp-json\/wp\/v2\/product_tag?post=64962"}],"curies":[{"name":"wp","href":"https:\/\/api.w.org\/{rel}","templated":true}]}}