{"id":65390,"date":"2024-11-14T14:50:35","date_gmt":"2024-11-14T14:50:35","guid":{"rendered":"https:\/\/print.belvedere.at\/p\/carl-moll-der-naschmarkt-in-wien\/"},"modified":"2025-07-10T13:21:11","modified_gmt":"2025-07-10T13:21:11","slug":"carl-moll-der-naschmarkt-in-wien","status":"publish","type":"product","link":"https:\/\/print.belvedere.at\/de\/p\/carl-moll-der-naschmarkt-in-wien\/","title":{"rendered":"Carl Moll &#8211; Der Naschmarkt in Wien"},"content":{"rendered":"<p><b>\u00dcber das Original<\/b><\/p>\n<p>K\u00fcnstler: Carl Moll<br \/>\nTitel: Der Naschmarkt in Wien<br \/>\nJahr: 1894<br \/>\nOriginalformat: 86 x 119 cm<br \/>\nOriginalmaterial: \u00d6l auf Leinwand<\/p>\n","protected":false},"excerpt":{"rendered":"<p>\u00dcber das Original K\u00fcnstler: Carl Moll Titel: Der Naschmarkt in Wien Jahr: 1894 Originalformat: 86 x 119 cm Originalmaterial: \u00d6l auf Leinwand<\/p>\n","protected":false},"featured_media":60129,"template":"","meta":{"powered_cache_disable_cache":false,"powered_cache_disable_lazyload":false},"product_brand":[],"product_cat":[673],"product_tag":[40,41,42],"class_list":{"0":"post-65390","1":"product","2":"type-product","3":"status-publish","4":"has-post-thumbnail","6":"product_cat-carl-moll-de","7":"product_tag-aquarelpapier-giclee","8":"product_tag-canvas-giclee","9":"product_tag-dibond-giclee","10":"pa_framed-frame-black-de","11":"pa_framed-frame-blanc-de","12":"pa_framed-frame-colonial-de","13":"pa_framed-frame-gold-de","14":"pa_framed-frame-white-de","15":"pa_framed-none-de","16":"pa_product-canvas-giclee-de","17":"pa_product-dibond-giclee-de","18":"pa_product-watercolor-paper-giclee-de","19":"pa_size-25x35-cm-de","20":"pa_size-30x40-cm-de","21":"pa_size-40x60-cm-de","22":"pa_size-50x70-cm-de","23":"pa_size-60x80-cm-de","24":"pa_size-60x85-cm-de","26":"first","27":"instock","28":"taxable","29":"shipping-taxable","30":"purchasable","31":"product-type-variable"},"_links":{"self":[{"href":"https:\/\/print.belvedere.at\/de\/wp-json\/wp\/v2\/product\/65390","targetHints":{"allow":["GET"]}}],"collection":[{"href":"https:\/\/print.belvedere.at\/de\/wp-json\/wp\/v2\/product"}],"about":[{"href":"https:\/\/print.belvedere.at\/de\/wp-json\/wp\/v2\/types\/product"}],"wp:featuredmedia":[{"embeddable":true,"href":"https:\/\/print.belvedere.at\/de\/wp-json\/wp\/v2\/media\/60129"}],"wp:attachment":[{"href":"https:\/\/print.belvedere.at\/de\/wp-json\/wp\/v2\/media?parent=65390"}],"wp:term":[{"taxonomy":"product_brand","embeddable":true,"href":"https:\/\/print.belvedere.at\/de\/wp-json\/wp\/v2\/product_brand?post=65390"},{"taxonomy":"product_cat","embeddable":true,"href":"https:\/\/print.belvedere.at\/de\/wp-json\/wp\/v2\/product_cat?post=65390"},{"taxonomy":"product_tag","embeddable":true,"href":"https:\/\/print.belvedere.at\/de\/wp-json\/wp\/v2\/product_tag?post=65390"}],"curies":[{"name":"wp","href":"https:\/\/api.w.org\/{rel}","templated":true}]}}