{"id":65616,"date":"2024-11-14T14:53:00","date_gmt":"2024-11-14T14:53:00","guid":{"rendered":"https:\/\/print.belvedere.at\/p\/claude-monet-angler-auf-der-seine-bei-poissy\/"},"modified":"2025-07-10T13:21:20","modified_gmt":"2025-07-10T13:21:20","slug":"claude-monet-angler-auf-der-seine-bei-poissy","status":"publish","type":"product","link":"https:\/\/print.belvedere.at\/de\/p\/claude-monet-angler-auf-der-seine-bei-poissy\/","title":{"rendered":"Claude Monet &#8211; Angler auf der Seine bei Poissy"},"content":{"rendered":"<p><b>\u00dcber das Original<\/b><\/p>\n<p>K\u00fcnstler: Claude Monet<br \/>\nTitel: Angler auf der Seine bei Poissy<br \/>\nJahr: 1882<br \/>\nOriginalformat: 59,8 \u00d7 81,7 cm<br \/>\nOriginalmaterial: \u00d6l auf Leinwand<\/p>\n","protected":false},"excerpt":{"rendered":"<p>\u00dcber das Original K\u00fcnstler: Claude Monet Titel: Angler auf der Seine bei Poissy Jahr: 1882 Originalformat: 59,8 \u00d7 81,7 cm Originalmaterial: \u00d6l auf Leinwand<\/p>\n","protected":false},"featured_media":60379,"template":"","meta":{"powered_cache_disable_cache":false,"powered_cache_disable_lazyload":false},"product_brand":[],"product_cat":[582],"product_tag":[40,41,42],"class_list":{"0":"post-65616","1":"product","2":"type-product","3":"status-publish","4":"has-post-thumbnail","6":"product_cat-claude-monet-de","7":"product_tag-aquarelpapier-giclee","8":"product_tag-canvas-giclee","9":"product_tag-dibond-giclee","10":"pa_framed-frame-black-de","11":"pa_framed-frame-blanc-de","12":"pa_framed-frame-colonial-de","13":"pa_framed-frame-gold-de","14":"pa_framed-frame-white-de","15":"pa_framed-none-de","16":"pa_product-canvas-giclee-de","17":"pa_product-dibond-giclee-de","18":"pa_product-watercolor-paper-giclee-de","19":"pa_size-30x40-cm-de","20":"pa_size-40x60-cm-de","21":"pa_size-60x80-cm-de","23":"first","24":"instock","25":"taxable","26":"shipping-taxable","27":"purchasable","28":"product-type-variable"},"_links":{"self":[{"href":"https:\/\/print.belvedere.at\/de\/wp-json\/wp\/v2\/product\/65616","targetHints":{"allow":["GET"]}}],"collection":[{"href":"https:\/\/print.belvedere.at\/de\/wp-json\/wp\/v2\/product"}],"about":[{"href":"https:\/\/print.belvedere.at\/de\/wp-json\/wp\/v2\/types\/product"}],"wp:featuredmedia":[{"embeddable":true,"href":"https:\/\/print.belvedere.at\/de\/wp-json\/wp\/v2\/media\/60379"}],"wp:attachment":[{"href":"https:\/\/print.belvedere.at\/de\/wp-json\/wp\/v2\/media?parent=65616"}],"wp:term":[{"taxonomy":"product_brand","embeddable":true,"href":"https:\/\/print.belvedere.at\/de\/wp-json\/wp\/v2\/product_brand?post=65616"},{"taxonomy":"product_cat","embeddable":true,"href":"https:\/\/print.belvedere.at\/de\/wp-json\/wp\/v2\/product_cat?post=65616"},{"taxonomy":"product_tag","embeddable":true,"href":"https:\/\/print.belvedere.at\/de\/wp-json\/wp\/v2\/product_tag?post=65616"}],"curies":[{"name":"wp","href":"https:\/\/api.w.org\/{rel}","templated":true}]}}