{"id":67596,"date":"2024-11-14T15:17:57","date_gmt":"2024-11-14T15:17:57","guid":{"rendered":"https:\/\/print.belvedere.at\/p\/marie-egner-in-der-pergola\/"},"modified":"2025-07-10T13:22:17","modified_gmt":"2025-07-10T13:22:17","slug":"marie-egner-in-der-pergola","status":"publish","type":"product","link":"https:\/\/print.belvedere.at\/de\/p\/marie-egner-in-der-pergola\/","title":{"rendered":"Marie Egner &#8211; In der Pergola"},"content":{"rendered":"<p><b>\u00dcber das Original<\/b><\/p>\n<p>K\u00fcnstler: Marie Egner<br \/>\nTitel: In der Pergola<br \/>\nJahr: um 1910<br \/>\nOriginalformat: 68 \u00d7 86,7 cm<br \/>\nOriginalmaterial: \u00d6l auf Papier auf Karton<\/p>\n","protected":false},"excerpt":{"rendered":"<p>\u00dcber das Original K\u00fcnstler: Marie Egner Titel: In der Pergola Jahr: um 1910 Originalformat: 68 \u00d7 86,7 cm Originalmaterial: \u00d6l auf Papier auf Karton<\/p>\n","protected":false},"featured_media":62311,"template":"","meta":{"powered_cache_disable_cache":false,"powered_cache_disable_lazyload":false},"product_brand":[],"product_cat":[683],"product_tag":[40,41,42],"class_list":{"0":"post-67596","1":"product","2":"type-product","3":"status-publish","4":"has-post-thumbnail","6":"product_cat-marie-egner-de","7":"product_tag-aquarelpapier-giclee","8":"product_tag-canvas-giclee","9":"product_tag-dibond-giclee","10":"pa_framed-frame-black-de","11":"pa_framed-frame-blanc-de","12":"pa_framed-frame-colonial-de","13":"pa_framed-frame-gold-de","14":"pa_framed-frame-white-de","15":"pa_framed-none-de","16":"pa_product-canvas-giclee-de","17":"pa_product-dibond-giclee-de","18":"pa_product-watercolor-paper-giclee-de","19":"pa_size-30x40-cm-de","20":"pa_size-35x45-cm-de","21":"pa_size-40x60-cm-de","22":"pa_size-55x70-cm-de","23":"pa_size-60x80-cm-de","24":"pa_size-70x90-cm-de","25":"pa_size-75x95-cm-de","27":"first","28":"instock","29":"taxable","30":"shipping-taxable","31":"purchasable","32":"product-type-variable"},"_links":{"self":[{"href":"https:\/\/print.belvedere.at\/de\/wp-json\/wp\/v2\/product\/67596","targetHints":{"allow":["GET"]}}],"collection":[{"href":"https:\/\/print.belvedere.at\/de\/wp-json\/wp\/v2\/product"}],"about":[{"href":"https:\/\/print.belvedere.at\/de\/wp-json\/wp\/v2\/types\/product"}],"wp:featuredmedia":[{"embeddable":true,"href":"https:\/\/print.belvedere.at\/de\/wp-json\/wp\/v2\/media\/62311"}],"wp:attachment":[{"href":"https:\/\/print.belvedere.at\/de\/wp-json\/wp\/v2\/media?parent=67596"}],"wp:term":[{"taxonomy":"product_brand","embeddable":true,"href":"https:\/\/print.belvedere.at\/de\/wp-json\/wp\/v2\/product_brand?post=67596"},{"taxonomy":"product_cat","embeddable":true,"href":"https:\/\/print.belvedere.at\/de\/wp-json\/wp\/v2\/product_cat?post=67596"},{"taxonomy":"product_tag","embeddable":true,"href":"https:\/\/print.belvedere.at\/de\/wp-json\/wp\/v2\/product_tag?post=67596"}],"curies":[{"name":"wp","href":"https:\/\/api.w.org\/{rel}","templated":true}]}}