{"id":68048,"date":"2024-11-14T15:24:08","date_gmt":"2024-11-14T15:24:08","guid":{"rendered":"https:\/\/print.belvedere.at\/p\/broncia-koller-pinell-die-ernte\/"},"modified":"2025-07-10T13:22:32","modified_gmt":"2025-07-10T13:22:32","slug":"broncia-koller-pinell-die-ernte","status":"publish","type":"product","link":"https:\/\/print.belvedere.at\/de\/p\/broncia-koller-pinell-die-ernte\/","title":{"rendered":"Broncia Koller-Pinell &#8211; Die Ernte"},"content":{"rendered":"<p><b>\u00dcber das Original<\/b><\/p>\n<p>K\u00fcnstler: Broncia Koller-Pinell<br \/>\nTitel: Die Ernte<br \/>\nJahr: 1908<br \/>\nOriginalformat: 109,7 \u00d7 130,5 cm<br \/>\nOriginalmaterial: \u00d6l auf Leinwand<\/p>\n","protected":false},"excerpt":{"rendered":"<p>\u00dcber das Original K\u00fcnstler: Broncia Koller-Pinell Titel: Die Ernte Jahr: 1908 Originalformat: 109,7 \u00d7 130,5 cm Originalmaterial: \u00d6l auf Leinwand<\/p>\n","protected":false},"featured_media":62805,"template":"","meta":{"powered_cache_disable_cache":false,"powered_cache_disable_lazyload":false},"product_brand":[],"product_cat":[672],"product_tag":[40,41,42],"class_list":{"0":"post-68048","1":"product","2":"type-product","3":"status-publish","4":"has-post-thumbnail","6":"product_cat-broncia-koller-pinell-de","7":"product_tag-aquarelpapier-giclee","8":"product_tag-canvas-giclee","9":"product_tag-dibond-giclee","10":"pa_framed-frame-black-de","11":"pa_framed-frame-blanc-de","12":"pa_framed-frame-colonial-de","13":"pa_framed-frame-gold-de","14":"pa_framed-frame-white-de","15":"pa_framed-none-de","16":"pa_product-canvas-giclee-de","17":"pa_product-dibond-giclee-de","18":"pa_product-watercolor-paper-giclee-de","19":"pa_size-25x30-cm-de","20":"pa_size-30x40-cm-de","21":"pa_size-40x60-cm-de","22":"pa_size-45x55-cm-de","23":"pa_size-50x60-cm-de","24":"pa_size-55x65-cm-de","25":"pa_size-60x80-cm-de","26":"pa_size-70x85-cm-de","27":"pa_size-75x90-cm-de","28":"pa_size-80x95-cm-de","29":"pa_size-85x100-cm-de","31":"first","32":"instock","33":"taxable","34":"shipping-taxable","35":"purchasable","36":"product-type-variable"},"_links":{"self":[{"href":"https:\/\/print.belvedere.at\/de\/wp-json\/wp\/v2\/product\/68048","targetHints":{"allow":["GET"]}}],"collection":[{"href":"https:\/\/print.belvedere.at\/de\/wp-json\/wp\/v2\/product"}],"about":[{"href":"https:\/\/print.belvedere.at\/de\/wp-json\/wp\/v2\/types\/product"}],"wp:featuredmedia":[{"embeddable":true,"href":"https:\/\/print.belvedere.at\/de\/wp-json\/wp\/v2\/media\/62805"}],"wp:attachment":[{"href":"https:\/\/print.belvedere.at\/de\/wp-json\/wp\/v2\/media?parent=68048"}],"wp:term":[{"taxonomy":"product_brand","embeddable":true,"href":"https:\/\/print.belvedere.at\/de\/wp-json\/wp\/v2\/product_brand?post=68048"},{"taxonomy":"product_cat","embeddable":true,"href":"https:\/\/print.belvedere.at\/de\/wp-json\/wp\/v2\/product_cat?post=68048"},{"taxonomy":"product_tag","embeddable":true,"href":"https:\/\/print.belvedere.at\/de\/wp-json\/wp\/v2\/product_tag?post=68048"}],"curies":[{"name":"wp","href":"https:\/\/api.w.org\/{rel}","templated":true}]}}