{"id":68936,"date":"2024-11-14T15:35:52","date_gmt":"2024-11-14T15:35:52","guid":{"rendered":"https:\/\/print.belvedere.at\/p\/martin-ferdinand-quadal-katzen-und-fische\/"},"modified":"2025-07-10T13:22:57","modified_gmt":"2025-07-10T13:22:57","slug":"martin-ferdinand-quadal-katzen-und-fische","status":"publish","type":"product","link":"https:\/\/print.belvedere.at\/de\/p\/martin-ferdinand-quadal-katzen-und-fische\/","title":{"rendered":"Martin Ferdinand Quadal &#8211; Katzen und Fische"},"content":{"rendered":"<p><b>\u00dcber das Original<\/b><\/p>\n<p>K\u00fcnstler: Martin Ferdinand Quadal<br \/>\nTitel: Katzen und Fische<br \/>\nJahr: 1781<br \/>\nOriginalformat: 68 \u00d7 77 cm<br \/>\nOriginalmaterial: \u00d6l auf Leinwand<\/p>\n","protected":false},"excerpt":{"rendered":"<p>\u00dcber das Original K\u00fcnstler: Martin Ferdinand Quadal Titel: Katzen und Fische Jahr: 1781 Originalformat: 68 \u00d7 77 cm Originalmaterial: \u00d6l auf Leinwand<\/p>\n","protected":false},"featured_media":63717,"template":"","meta":{"powered_cache_disable_cache":false,"powered_cache_disable_lazyload":false},"product_brand":[],"product_cat":[684],"product_tag":[40,41,42],"class_list":{"0":"post-68936","1":"product","2":"type-product","3":"status-publish","4":"has-post-thumbnail","6":"product_cat-martin-ferdinand-quadal-de","7":"product_tag-aquarelpapier-giclee","8":"product_tag-canvas-giclee","9":"product_tag-dibond-giclee","10":"pa_framed-frame-black-de","11":"pa_framed-frame-blanc-de","12":"pa_framed-frame-colonial-de","13":"pa_framed-frame-gold-de","14":"pa_framed-frame-white-de","15":"pa_framed-none-de","16":"pa_product-canvas-giclee-de","17":"pa_product-dibond-giclee-de","18":"pa_product-watercolor-paper-giclee-de","19":"pa_size-30x35-cm-de","20":"pa_size-30x40-cm-de","21":"pa_size-35x40-cm-de","22":"pa_size-40x45-cm-de","23":"pa_size-40x60-cm-de","24":"pa_size-60x70-cm-de","25":"pa_size-60x80-cm-de","26":"pa_size-65x75-cm-de","27":"pa_size-70x80-cm-de","28":"pa_size-75x85-cm-de","29":"pa_size-80x90-cm-de","30":"pa_size-85x95-cm-de","32":"first","33":"instock","34":"taxable","35":"shipping-taxable","36":"purchasable","37":"product-type-variable"},"_links":{"self":[{"href":"https:\/\/print.belvedere.at\/de\/wp-json\/wp\/v2\/product\/68936","targetHints":{"allow":["GET"]}}],"collection":[{"href":"https:\/\/print.belvedere.at\/de\/wp-json\/wp\/v2\/product"}],"about":[{"href":"https:\/\/print.belvedere.at\/de\/wp-json\/wp\/v2\/types\/product"}],"wp:featuredmedia":[{"embeddable":true,"href":"https:\/\/print.belvedere.at\/de\/wp-json\/wp\/v2\/media\/63717"}],"wp:attachment":[{"href":"https:\/\/print.belvedere.at\/de\/wp-json\/wp\/v2\/media?parent=68936"}],"wp:term":[{"taxonomy":"product_brand","embeddable":true,"href":"https:\/\/print.belvedere.at\/de\/wp-json\/wp\/v2\/product_brand?post=68936"},{"taxonomy":"product_cat","embeddable":true,"href":"https:\/\/print.belvedere.at\/de\/wp-json\/wp\/v2\/product_cat?post=68936"},{"taxonomy":"product_tag","embeddable":true,"href":"https:\/\/print.belvedere.at\/de\/wp-json\/wp\/v2\/product_tag?post=68936"}],"curies":[{"name":"wp","href":"https:\/\/api.w.org\/{rel}","templated":true}]}}