{"id":70054,"date":"2024-11-14T15:49:27","date_gmt":"2024-11-14T15:49:27","guid":{"rendered":"https:\/\/print.belvedere.at\/p\/edvard-munch-maenner-am-meer\/"},"modified":"2025-07-10T13:23:34","modified_gmt":"2025-07-10T13:23:34","slug":"edvard-munch-maenner-am-meer","status":"publish","type":"product","link":"https:\/\/print.belvedere.at\/de\/p\/edvard-munch-maenner-am-meer\/","title":{"rendered":"Edvard Munch &#8211; M\u00e4nner am Meer"},"content":{"rendered":"<p><b>\u00dcber das Original<\/b><\/p>\n<p>K\u00fcnstler: Edvard Munch<br \/>\nTitel: M\u00e4nner am Meer<br \/>\nJahr: 1908<br \/>\nOriginalformat: 100 \u00d7 120 cm<br \/>\nOriginalmaterial: \u00d6l auf Leinwand<\/p>\n","protected":false},"excerpt":{"rendered":"<p>\u00dcber das Original K\u00fcnstler: Edvard Munch Titel: M\u00e4nner am Meer Jahr: 1908 Originalformat: 100 \u00d7 120 cm Originalmaterial: \u00d6l auf Leinwand<\/p>\n","protected":false},"featured_media":64817,"template":"","meta":{"powered_cache_disable_cache":false,"powered_cache_disable_lazyload":false},"product_brand":[],"product_cat":[675],"product_tag":[40,41,42],"class_list":{"0":"post-70054","1":"product","2":"type-product","3":"status-publish","4":"has-post-thumbnail","6":"product_cat-edvard-munch-de","7":"product_tag-aquarelpapier-giclee","8":"product_tag-canvas-giclee","9":"product_tag-dibond-giclee","10":"pa_framed-frame-black-de","11":"pa_framed-frame-blanc-de","12":"pa_framed-frame-colonial-de","13":"pa_framed-frame-gold-de","14":"pa_framed-frame-white-de","15":"pa_framed-none-de","16":"pa_product-canvas-giclee-de","17":"pa_product-dibond-giclee-de","18":"pa_product-watercolor-paper-giclee-de","19":"pa_size-20x25-cm-de","20":"pa_size-30x40-cm-de","21":"pa_size-40x50-cm-de","22":"pa_size-40x60-cm-de","23":"pa_size-45x55-cm-de","24":"pa_size-55x70-cm-de","25":"pa_size-60x75-cm-de","26":"pa_size-60x80-cm-de","27":"pa_size-65x80-cm-de","28":"pa_size-75x95-cm-de","29":"pa_size-80x100-cm-de","31":"first","32":"instock","33":"taxable","34":"shipping-taxable","35":"purchasable","36":"product-type-variable"},"_links":{"self":[{"href":"https:\/\/print.belvedere.at\/de\/wp-json\/wp\/v2\/product\/70054","targetHints":{"allow":["GET"]}}],"collection":[{"href":"https:\/\/print.belvedere.at\/de\/wp-json\/wp\/v2\/product"}],"about":[{"href":"https:\/\/print.belvedere.at\/de\/wp-json\/wp\/v2\/types\/product"}],"wp:featuredmedia":[{"embeddable":true,"href":"https:\/\/print.belvedere.at\/de\/wp-json\/wp\/v2\/media\/64817"}],"wp:attachment":[{"href":"https:\/\/print.belvedere.at\/de\/wp-json\/wp\/v2\/media?parent=70054"}],"wp:term":[{"taxonomy":"product_brand","embeddable":true,"href":"https:\/\/print.belvedere.at\/de\/wp-json\/wp\/v2\/product_brand?post=70054"},{"taxonomy":"product_cat","embeddable":true,"href":"https:\/\/print.belvedere.at\/de\/wp-json\/wp\/v2\/product_cat?post=70054"},{"taxonomy":"product_tag","embeddable":true,"href":"https:\/\/print.belvedere.at\/de\/wp-json\/wp\/v2\/product_tag?post=70054"}],"curies":[{"name":"wp","href":"https:\/\/api.w.org\/{rel}","templated":true}]}}