{"id":72347,"date":"2024-11-14T15:47:24","date_gmt":"2024-11-14T15:47:24","guid":{"rendered":"https:\/\/print.belvedere.at\/p\/giovanni-segantini-die-boesen-muetter\/"},"modified":"2025-07-10T13:23:26","modified_gmt":"2025-07-10T13:23:26","slug":"giovanni-segantini-die-boesen-muetter","status":"publish","type":"product","link":"https:\/\/print.belvedere.at\/de\/p\/giovanni-segantini-die-boesen-muetter\/","title":{"rendered":"Giovanni Segantini &#8211; Die b\u00f6sen M\u00fctter"},"content":{"rendered":"<p><b>\u00dcber das Original<\/b><\/p>\n<p>K\u00fcnstler: Giovanni Segantini<br \/>\nTitel: Die b\u00f6sen M\u00fctter<br \/>\nJahr: 1894<br \/>\nOriginalformat: 105 \u00d7 200 cm<br \/>\nOriginalmaterial: \u00d6l auf Leinwand<\/p>\n","protected":false},"excerpt":{"rendered":"<p>\u00dcber das Original K\u00fcnstler: Giovanni Segantini Titel: Die b\u00f6sen M\u00fctter Jahr: 1894 Originalformat: 105 \u00d7 200 cm Originalmaterial: \u00d6l auf Leinwand<\/p>\n","protected":false},"featured_media":64567,"template":"","meta":{"powered_cache_disable_cache":false,"powered_cache_disable_lazyload":false},"product_brand":[],"product_cat":[678],"product_tag":[40,41,42],"class_list":{"0":"post-72347","1":"product","2":"type-product","3":"status-publish","4":"has-post-thumbnail","6":"product_cat-giovanni-segantini-de","7":"product_tag-aquarelpapier-giclee","8":"product_tag-canvas-giclee","9":"product_tag-dibond-giclee","10":"pa_framed-frame-black-de","11":"pa_framed-frame-blanc-de","12":"pa_framed-frame-colonial-de","13":"pa_framed-frame-gold-de","14":"pa_framed-frame-white-de","15":"pa_framed-none-de","16":"pa_product-canvas-giclee-de","17":"pa_product-dibond-giclee-de","18":"pa_product-watercolor-paper-giclee-de","19":"pa_size-25x45-cm-de","20":"pa_size-30x40-cm-de","21":"pa_size-30x55-cm-de","22":"pa_size-35x65-cm-de","23":"pa_size-40x60-cm-de","24":"pa_size-40x75-cm-de","25":"pa_size-50x90-cm-de","26":"pa_size-55x100-cm-de","27":"pa_size-60x80-cm-de","29":"first","30":"instock","31":"taxable","32":"shipping-taxable","33":"purchasable","34":"product-type-variable"},"_links":{"self":[{"href":"https:\/\/print.belvedere.at\/de\/wp-json\/wp\/v2\/product\/72347","targetHints":{"allow":["GET"]}}],"collection":[{"href":"https:\/\/print.belvedere.at\/de\/wp-json\/wp\/v2\/product"}],"about":[{"href":"https:\/\/print.belvedere.at\/de\/wp-json\/wp\/v2\/types\/product"}],"wp:featuredmedia":[{"embeddable":true,"href":"https:\/\/print.belvedere.at\/de\/wp-json\/wp\/v2\/media\/64567"}],"wp:attachment":[{"href":"https:\/\/print.belvedere.at\/de\/wp-json\/wp\/v2\/media?parent=72347"}],"wp:term":[{"taxonomy":"product_brand","embeddable":true,"href":"https:\/\/print.belvedere.at\/de\/wp-json\/wp\/v2\/product_brand?post=72347"},{"taxonomy":"product_cat","embeddable":true,"href":"https:\/\/print.belvedere.at\/de\/wp-json\/wp\/v2\/product_cat?post=72347"},{"taxonomy":"product_tag","embeddable":true,"href":"https:\/\/print.belvedere.at\/de\/wp-json\/wp\/v2\/product_tag?post=72347"}],"curies":[{"name":"wp","href":"https:\/\/api.w.org\/{rel}","templated":true}]}}