{"id":76183,"date":"2025-02-17T14:51:41","date_gmt":"2025-02-17T14:51:41","guid":{"rendered":"https:\/\/print.belvedere.at\/?post_type=product&#038;p=76183"},"modified":"2025-07-10T13:24:21","modified_gmt":"2025-07-10T13:24:21","slug":"akseli-gallen-kallela-fruehjahr","status":"publish","type":"product","link":"https:\/\/print.belvedere.at\/de\/p\/akseli-gallen-kallela-fruehjahr\/","title":{"rendered":"Akseli Gallen-Kallela &#8211; Fr\u00fchjahr"},"content":{"rendered":"<p><b>\u00dcber das Original<\/b><\/p>\n<p>K\u00fcnstler: Akseli Gallen-Kallela<br \/>\nTitel: Fr\u00fchjahr<br \/>\nJahr: um 1900<br \/>\nOriginalformat: 133 \u00d7 80 cm<br \/>\nOriginalmaterial: \u00d6l auf Leinwand<\/p>\n","protected":false},"excerpt":{"rendered":"<p>\u00dcber das Original K\u00fcnstler: Akseli Gallen-Kallela Titel: Fr\u00fchjahr Jahr: um 1900 Originalformat: 133 \u00d7 80 cm Originalmaterial: \u00d6l auf Leinwand<\/p>\n","protected":false},"featured_media":76098,"template":"","meta":{"powered_cache_disable_cache":false,"powered_cache_disable_lazyload":false},"product_brand":[],"product_cat":[],"product_tag":[],"class_list":{"0":"post-76183","1":"product","2":"type-product","3":"status-publish","4":"has-post-thumbnail","6":"pa_framed-frame-black-de","7":"pa_framed-frame-blanc-de","8":"pa_framed-frame-colonial-de","9":"pa_framed-frame-gold-de","10":"pa_framed-frame-white-de","11":"pa_framed-none-de","12":"pa_product-canvas-giclee-de","13":"pa_product-dibond-giclee-de","14":"pa_product-watercolor-paper-giclee-de","15":"pa_size-30x40-cm-de","16":"pa_size-30x50-cm-de","17":"pa_size-40x60-cm-de","18":"pa_size-45x75-cm-de","19":"pa_size-50x85-cm-de","20":"pa_size-60x100-cm-de","21":"pa_size-60x80-cm-de","23":"first","24":"instock","25":"taxable","26":"shipping-taxable","27":"purchasable","28":"product-type-variable"},"_links":{"self":[{"href":"https:\/\/print.belvedere.at\/de\/wp-json\/wp\/v2\/product\/76183","targetHints":{"allow":["GET"]}}],"collection":[{"href":"https:\/\/print.belvedere.at\/de\/wp-json\/wp\/v2\/product"}],"about":[{"href":"https:\/\/print.belvedere.at\/de\/wp-json\/wp\/v2\/types\/product"}],"wp:featuredmedia":[{"embeddable":true,"href":"https:\/\/print.belvedere.at\/de\/wp-json\/wp\/v2\/media\/76098"}],"wp:attachment":[{"href":"https:\/\/print.belvedere.at\/de\/wp-json\/wp\/v2\/media?parent=76183"}],"wp:term":[{"taxonomy":"product_brand","embeddable":true,"href":"https:\/\/print.belvedere.at\/de\/wp-json\/wp\/v2\/product_brand?post=76183"},{"taxonomy":"product_cat","embeddable":true,"href":"https:\/\/print.belvedere.at\/de\/wp-json\/wp\/v2\/product_cat?post=76183"},{"taxonomy":"product_tag","embeddable":true,"href":"https:\/\/print.belvedere.at\/de\/wp-json\/wp\/v2\/product_tag?post=76183"}],"curies":[{"name":"wp","href":"https:\/\/api.w.org\/{rel}","templated":true}]}}